{"id":1300,"date":"2021-01-21T18:50:23","date_gmt":"2021-01-21T18:50:23","guid":{"rendered":"https:\/\/coworkerand.com\/?page_id=1300"},"modified":"2021-03-02T16:45:32","modified_gmt":"2021-03-02T16:45:32","slug":"politica-de-privacitat","status":"publish","type":"page","link":"https:\/\/coworkerand.com\/es\/politica-de-privacitat\/","title":{"rendered":"Pol\u00edtica de privacidad\u200b"},"content":{"rendered":"\t\t<div data-elementor-type=\"wp-page\" data-elementor-id=\"1300\" class=\"elementor elementor-1300\">\n\t\t\t\t\t\t<section class=\"elementor-section elementor-top-section elementor-element elementor-element-28df5a0 elementor-section-boxed elementor-section-height-default elementor-section-height-default\" data-id=\"28df5a0\" data-element_type=\"section\" data-e-type=\"section\" data-settings=\"{&quot;background_background&quot;:&quot;slideshow&quot;,&quot;background_slideshow_gallery&quot;:[{&quot;id&quot;:1204,&quot;url&quot;:&quot;https:\\\/\\\/coworkerand.com\\\/wp-content\\\/uploads\\\/2021\\\/01\\\/fons-1.jpg&quot;},{&quot;id&quot;:1205,&quot;url&quot;:&quot;https:\\\/\\\/coworkerand.com\\\/wp-content\\\/uploads\\\/2021\\\/01\\\/fons-2.jpg&quot;},{&quot;id&quot;:1209,&quot;url&quot;:&quot;https:\\\/\\\/coworkerand.com\\\/wp-content\\\/uploads\\\/2021\\\/01\\\/fons-3.jpg&quot;}],&quot;background_slideshow_slide_transition&quot;:&quot;slide_left&quot;,&quot;background_slideshow_loop&quot;:&quot;yes&quot;,&quot;background_slideshow_slide_duration&quot;:5000,&quot;background_slideshow_transition_duration&quot;:500}\">\n\t\t\t\t\t\t\t<div class=\"elementor-background-overlay\"><\/div>\n\t\t\t\t\t\t\t<div class=\"elementor-container elementor-column-gap-no\">\n\t\t\t\t\t<div class=\"elementor-column elementor-col-100 elementor-top-column elementor-element elementor-element-db24748\" data-id=\"db24748\" data-element_type=\"column\" data-e-type=\"column\">\n\t\t\t<div class=\"elementor-widget-wrap elementor-element-populated\">\n\t\t\t\t\t\t<div class=\"elementor-element elementor-element-d65bbe4 elementor-invisible elementor-widget elementor-widget-heading\" data-id=\"d65bbe4\" data-element_type=\"widget\" data-e-type=\"widget\" data-settings=\"{&quot;_animation&quot;:&quot;fadeIn&quot;,&quot;_animation_delay&quot;:&quot;200&quot;}\" data-widget_type=\"heading.default\">\n\t\t\t\t<div class=\"elementor-widget-container\">\n\t\t\t\t\t<h1 class=\"elementor-heading-title elementor-size-default\">Pol\u00edtica de privacitat<\/h1>\t\t\t\t<\/div>\n\t\t\t\t<\/div>\n\t\t\t\t\t<\/div>\n\t\t<\/div>\n\t\t\t\t\t<\/div>\n\t\t<\/section>\n\t\t\t\t<section class=\"elementor-section elementor-top-section elementor-element elementor-element-5851200 elementor-section-content-middle elementor-section-boxed elementor-section-height-default elementor-section-height-default\" data-id=\"5851200\" data-element_type=\"section\" data-e-type=\"section\" data-settings=\"{&quot;background_background&quot;:&quot;classic&quot;}\">\n\t\t\t\t\t\t<div class=\"elementor-container elementor-column-gap-no\">\n\t\t\t\t\t<div class=\"elementor-column elementor-col-100 elementor-top-column elementor-element elementor-element-0fe39c9\" data-id=\"0fe39c9\" data-element_type=\"column\" data-e-type=\"column\">\n\t\t\t<div class=\"elementor-widget-wrap elementor-element-populated\">\n\t\t\t\t\t\t<div class=\"elementor-element elementor-element-41bafc2 elementor-widget elementor-widget-heading\" data-id=\"41bafc2\" data-element_type=\"widget\" data-e-type=\"widget\" data-widget_type=\"heading.default\">\n\t\t\t\t<div class=\"elementor-widget-container\">\n\t\t\t\t\t<h2 class=\"elementor-heading-title elementor-size-default\">Qui \u00e9s el responsable del tractament de les teves dades?<\/h2>\t\t\t\t<\/div>\n\t\t\t\t<\/div>\n\t\t\t\t<div class=\"elementor-element elementor-element-e60ef35 elementor-widget elementor-widget-text-editor\" data-id=\"e60ef35\" data-element_type=\"widget\" data-e-type=\"widget\" data-widget_type=\"text-editor.default\">\n\t\t\t\t<div class=\"elementor-widget-container\">\n\t\t\t\t\t\t\t\t\t<p>\u00a0\u2022 Identitat: GHIA (CIF L-713684-F)<br \/>\u2022 Direcci\u00f3 postal: Andbank Business Center, C\/ Manel Cerqueda n\u00ba6, of 7, AD700 Escaldes d\u2019Engordany, Andorra<br \/>\u2022 Tel\u00e8fon: +376 653 618<br \/>\u2022 Correu electr\u00f2nic: <a href=\"mailto:jpous@ghia.ad\">jpous@ghia.ad<\/a><\/p>\t\t\t\t\t\t\t\t<\/div>\n\t\t\t\t<\/div>\n\t\t\t\t<div class=\"elementor-element elementor-element-cd3ac8e elementor-widget elementor-widget-heading\" data-id=\"cd3ac8e\" data-element_type=\"widget\" data-e-type=\"widget\" data-widget_type=\"heading.default\">\n\t\t\t\t<div class=\"elementor-widget-container\">\n\t\t\t\t\t<h2 class=\"elementor-heading-title elementor-size-default\">Amb quina finalitat tractem les teves dades?<\/h2>\t\t\t\t<\/div>\n\t\t\t\t<\/div>\n\t\t\t\t<div class=\"elementor-element elementor-element-045465d elementor-widget elementor-widget-text-editor\" data-id=\"045465d\" data-element_type=\"widget\" data-e-type=\"widget\" data-widget_type=\"text-editor.default\">\n\t\t\t\t<div class=\"elementor-widget-container\">\n\t\t\t\t\t\t\t\t\t<p>En GHIA tractem la informaci\u00f3 que ens facilitin els interessats per tal de:<br \/>\u2022 Gestionar la relaci\u00f3 amb els nostres clients, socis i usuaris;<br \/>\u2022 Gestionar les consultes efectuades;<br \/>\u2022 Gestionar les inscripcions a formacions, cursos i altres activitats;<br \/>\u2022 Gestionar la relaci\u00f3 comercial mitjan\u00e7ant l&#8217;enviament d&#8217;informaci\u00f3 als clients, usuaris i interessats.<br \/>Amb les teves dades no enviarem publicitat en base a decisions automatitzades com l&#8217;elaboraci\u00f3 de perfils sense el seu consentiment.<\/p>\t\t\t\t\t\t\t\t<\/div>\n\t\t\t\t<\/div>\n\t\t\t\t<div class=\"elementor-element elementor-element-ad1976b elementor-widget elementor-widget-heading\" data-id=\"ad1976b\" data-element_type=\"widget\" data-e-type=\"widget\" data-widget_type=\"heading.default\">\n\t\t\t\t<div class=\"elementor-widget-container\">\n\t\t\t\t\t<h2 class=\"elementor-heading-title elementor-size-default\">Quant de temps conservarem les teves dades?<\/h2>\t\t\t\t<\/div>\n\t\t\t\t<\/div>\n\t\t\t\t<div class=\"elementor-element elementor-element-55681b9 elementor-widget elementor-widget-text-editor\" data-id=\"55681b9\" data-element_type=\"widget\" data-e-type=\"widget\" data-widget_type=\"text-editor.default\">\n\t\t\t\t<div class=\"elementor-widget-container\">\n\t\t\t\t\t\t\t\t\t<p>Les dades personals que ens proporcions es conservaran:<br \/>\u2022 Mentre duri la nostra relaci\u00f3 comercial;<br \/>\u2022 Mentre no t&#8217;oposis a el tractament, o ens demanis la supressi\u00f3 de les dades;<br \/>\u2022 Mentre les dades hagin de conservar per una obligaci\u00f3 legal.<\/p>\t\t\t\t\t\t\t\t<\/div>\n\t\t\t\t<\/div>\n\t\t\t\t<div class=\"elementor-element elementor-element-b3458fc elementor-widget elementor-widget-heading\" data-id=\"b3458fc\" data-element_type=\"widget\" data-e-type=\"widget\" data-widget_type=\"heading.default\">\n\t\t\t\t<div class=\"elementor-widget-container\">\n\t\t\t\t\t<h2 class=\"elementor-heading-title elementor-size-default\">Quina \u00e9s la legitimaci\u00f3 per al tractament de les teves dades?<\/h2>\t\t\t\t<\/div>\n\t\t\t\t<\/div>\n\t\t\t\t<div class=\"elementor-element elementor-element-94b782a elementor-widget elementor-widget-text-editor\" data-id=\"94b782a\" data-element_type=\"widget\" data-e-type=\"widget\" data-widget_type=\"text-editor.default\">\n\t\t\t\t<div class=\"elementor-widget-container\">\n\t\t\t\t\t\t\t\t\t<p>La base legal per al tractament de les teves dades \u00e9s:<br \/>\u2022 execuci\u00f3 d&#8217;un contracte o relaci\u00f3 contractual, per al cas dels clients i prove\u00efdors;<br \/>\u2022 consentiment expr\u00e9s obtingut de l&#8217;interessat, per al cas dels interessats que ens sol\u00b7liciten informaci\u00f3;<br \/>\u2022 inter\u00e8s leg\u00edtim i subsidiari de l&#8217;responsable, per al cas dels altres clients.<br \/>Si has marcat la casella corresponent, la base legal per a enviar-te informaci\u00f3 sobre els nostres serveis \u00e9s el teu consentiment, el qual pots retirar en qualsevol moment.<\/p>\t\t\t\t\t\t\t\t<\/div>\n\t\t\t\t<\/div>\n\t\t\t\t<div class=\"elementor-element elementor-element-52e5ea1 elementor-widget elementor-widget-heading\" data-id=\"52e5ea1\" data-element_type=\"widget\" data-e-type=\"widget\" data-widget_type=\"heading.default\">\n\t\t\t\t<div class=\"elementor-widget-container\">\n\t\t\t\t\t<h2 class=\"elementor-heading-title elementor-size-default\">A qu\u00e8 destinataris es comunicaran les vostres dades?<\/h2>\t\t\t\t<\/div>\n\t\t\t\t<\/div>\n\t\t\t\t<div class=\"elementor-element elementor-element-7aff5aa elementor-widget elementor-widget-text-editor\" data-id=\"7aff5aa\" data-element_type=\"widget\" data-e-type=\"widget\" data-widget_type=\"text-editor.default\">\n\t\t\t\t<div class=\"elementor-widget-container\">\n\t\t\t\t\t\t\t\t\t<p>Les teves dades personals no es comunicaran a cap altra empresa, ni s&#8217;utilitzaran per cap altra finalitat, llevat de la cessi\u00f3 leg\u00edtima que puguem fer a empreses de el mateix grup, llevat que:<br \/>\u2022 La comunicaci\u00f3 es faci en compliment d&#8217;una obligaci\u00f3 legal;<br \/>\u2022 La comunicaci\u00f3 es faci en inter\u00e8s leg\u00edtim i ponderat de l&#8217;responsable;<br \/>\u2022 La cessi\u00f3 de dades es realitzi a prove\u00efdors i col\u00b7laboradors i sigui necess\u00e0ria per prestar-nostres serveis.<\/p>\t\t\t\t\t\t\t\t<\/div>\n\t\t\t\t<\/div>\n\t\t\t\t<div class=\"elementor-element elementor-element-b5bf2c4 elementor-widget elementor-widget-heading\" data-id=\"b5bf2c4\" data-element_type=\"widget\" data-e-type=\"widget\" data-widget_type=\"heading.default\">\n\t\t\t\t<div class=\"elementor-widget-container\">\n\t\t\t\t\t<h2 class=\"elementor-heading-title elementor-size-default\">Quins s\u00f3n els teus drets?<\/h2>\t\t\t\t<\/div>\n\t\t\t\t<\/div>\n\t\t\t\t<div class=\"elementor-element elementor-element-a87b777 elementor-widget elementor-widget-text-editor\" data-id=\"a87b777\" data-element_type=\"widget\" data-e-type=\"widget\" data-widget_type=\"text-editor.default\">\n\t\t\t\t<div class=\"elementor-widget-container\">\n\t\t\t\t\t\t\t\t\t<p>\u2022 Qualsevol persona t\u00e9 dret a obtenir informaci\u00f3 d&#8217;aquesta empresa sobre si estem tractant dades personals que la concerneixen o no.<br \/>\u2022 Els interessats tenen dret a accedir a les seves dades personals, aix\u00ed com a sol\u00b7licitar la rectificaci\u00f3 de les dades que siguin inexactes o, si escau, sol\u00b7licitar la supressi\u00f3, entre d&#8217;altres motius, quan les dades ja no siguin necess\u00e0ries per a les finalitats per a les quals es van recollir.<br \/>\u2022 En determinades circumst\u00e0ncies previstes en el Reglament (UE) 2016\/679 de el Parlament Europeu i del Consell de 27 d&#8217;abril de 2016, les persones interessades poden sol\u00b7licitar la limitaci\u00f3 de l&#8217;tractament de les seves dades. En aquest cas, \u00fanicament les conservarem per exercir o defensar reclamacions.<br \/>\u2022 Els interessats poden oposar-se a el tractament de les seves dades amb fins de m\u00e0rqueting o publicitat, inclosa l&#8217;elaboraci\u00f3 de perfils.<br \/>\u2022 En virtut del dret a la portabilitat, els interessats tamb\u00e9 tenen dret a obtenir les seves dades personals en un format estructurat d&#8217;\u00fas com\u00fa i lectura mec\u00e0nica i transmetre&#8217;ls a un altre responsable o empresa.<\/p>\t\t\t\t\t\t\t\t<\/div>\n\t\t\t\t<\/div>\n\t\t\t\t<div class=\"elementor-element elementor-element-3d4a937 elementor-widget elementor-widget-heading\" data-id=\"3d4a937\" data-element_type=\"widget\" data-e-type=\"widget\" data-widget_type=\"heading.default\">\n\t\t\t\t<div class=\"elementor-widget-container\">\n\t\t\t\t\t<h2 class=\"elementor-heading-title elementor-size-default\">Com pots exercir els teus drets?<\/h2>\t\t\t\t<\/div>\n\t\t\t\t<\/div>\n\t\t\t\t<div class=\"elementor-element elementor-element-5255361 elementor-widget elementor-widget-text-editor\" data-id=\"5255361\" data-element_type=\"widget\" data-e-type=\"widget\" data-widget_type=\"text-editor.default\">\n\t\t\t\t<div class=\"elementor-widget-container\">\n\t\t\t\t\t\t\t\t\t<p>\u2022 Mitjan\u00e7ant escrit dirigit a <a href=\"mailto:legal@ghia.ad\">legal@ghia.ad<\/a><br \/>Adjuntant una c\u00f2pia del seu document d&#8217;identitat.<\/p>\t\t\t\t\t\t\t\t<\/div>\n\t\t\t\t<\/div>\n\t\t\t\t<div class=\"elementor-element elementor-element-8554480 elementor-widget elementor-widget-heading\" data-id=\"8554480\" data-element_type=\"widget\" data-e-type=\"widget\" data-widget_type=\"heading.default\">\n\t\t\t\t<div class=\"elementor-widget-container\">\n\t\t\t\t\t<h2 class=\"elementor-heading-title elementor-size-default\">Quines vies de reclamaci\u00f3 hi ha?<\/h2>\t\t\t\t<\/div>\n\t\t\t\t<\/div>\n\t\t\t\t<div class=\"elementor-element elementor-element-6fd6f35 elementor-widget elementor-widget-text-editor\" data-id=\"6fd6f35\" data-element_type=\"widget\" data-e-type=\"widget\" data-widget_type=\"text-editor.default\">\n\t\t\t\t<div class=\"elementor-widget-container\">\n\t\t\t\t\t\t\t\t\t<p>Si consideres que els teus drets no han estat atesos adequadament, tens dret a presentar una reclamaci\u00f3 davant l&#8217;Ag\u00e8ncia Andorrana de Protecci\u00f3 de Dades.<\/p>\t\t\t\t\t\t\t\t<\/div>\n\t\t\t\t<\/div>\n\t\t\t\t\t<\/div>\n\t\t<\/div>\n\t\t\t\t\t<\/div>\n\t\t<\/section>\n\t\t\t\t<\/div>\n\t\t","protected":false},"excerpt":{"rendered":"<p>Pol\u00edtica de privacitat Qui \u00e9s el responsable del tractament de les teves dades? \u00a0\u2022 Identitat: GHIA (CIF L-713684-F)\u2022 Direcci\u00f3 postal: Andbank Business Center, C\/ Manel Cerqueda n\u00ba6, of 7, AD700 Escaldes d\u2019Engordany, Andorra\u2022 Tel\u00e8fon: +376 653 618\u2022 Correu electr\u00f2nic: jpous@ghia.ad Amb quina finalitat tractem les teves dades? En GHIA tractem la informaci\u00f3 que ens facilitin [&hellip;]<\/p>\n","protected":false},"author":1,"featured_media":0,"parent":0,"menu_order":0,"comment_status":"closed","ping_status":"closed","template":"","meta":{"site-sidebar-layout":"no-sidebar","site-content-layout":"page-builder","ast-site-content-layout":"default","site-content-style":"default","site-sidebar-style":"default","ast-global-header-display":"","ast-banner-title-visibility":"","ast-main-header-display":"","ast-hfb-above-header-display":"","ast-hfb-below-header-display":"","ast-hfb-mobile-header-display":"","site-post-title":"disabled","ast-breadcrumbs-content":"","ast-featured-img":"disabled","footer-sml-layout":"","ast-disable-related-posts":"","theme-transparent-header-meta":"enabled","adv-header-id-meta":"","stick-header-meta":"","header-above-stick-meta":"","header-main-stick-meta":"","header-below-stick-meta":"","astra-migrate-meta-layouts":"default","ast-page-background-enabled":"default","ast-page-background-meta":{"desktop":{"background-color":"","background-image":"","background-repeat":"repeat","background-position":"center center","background-size":"auto","background-attachment":"scroll","background-type":"","background-media":"","overlay-type":"","overlay-color":"","overlay-opacity":"","overlay-gradient":""},"tablet":{"background-color":"","background-image":"","background-repeat":"repeat","background-position":"center center","background-size":"auto","background-attachment":"scroll","background-type":"","background-media":"","overlay-type":"","overlay-color":"","overlay-opacity":"","overlay-gradient":""},"mobile":{"background-color":"","background-image":"","background-repeat":"repeat","background-position":"center center","background-size":"auto","background-attachment":"scroll","background-type":"","background-media":"","overlay-type":"","overlay-color":"","overlay-opacity":"","overlay-gradient":""}},"ast-content-background-meta":{"desktop":{"background-color":"var(--ast-global-color-5)","background-image":"","background-repeat":"repeat","background-position":"center center","background-size":"auto","background-attachment":"scroll","background-type":"","background-media":"","overlay-type":"","overlay-color":"","overlay-opacity":"","overlay-gradient":""},"tablet":{"background-color":"var(--ast-global-color-5)","background-image":"","background-repeat":"repeat","background-position":"center center","background-size":"auto","background-attachment":"scroll","background-type":"","background-media":"","overlay-type":"","overlay-color":"","overlay-opacity":"","overlay-gradient":""},"mobile":{"background-color":"var(--ast-global-color-5)","background-image":"","background-repeat":"repeat","background-position":"center center","background-size":"auto","background-attachment":"scroll","background-type":"","background-media":"","overlay-type":"","overlay-color":"","overlay-opacity":"","overlay-gradient":""}},"footnotes":""},"class_list":["post-1300","page","type-page","status-publish","hentry"],"_links":{"self":[{"href":"https:\/\/coworkerand.com\/es\/wp-json\/wp\/v2\/pages\/1300","targetHints":{"allow":["GET"]}}],"collection":[{"href":"https:\/\/coworkerand.com\/es\/wp-json\/wp\/v2\/pages"}],"about":[{"href":"https:\/\/coworkerand.com\/es\/wp-json\/wp\/v2\/types\/page"}],"author":[{"embeddable":true,"href":"https:\/\/coworkerand.com\/es\/wp-json\/wp\/v2\/users\/1"}],"replies":[{"embeddable":true,"href":"https:\/\/coworkerand.com\/es\/wp-json\/wp\/v2\/comments?post=1300"}],"version-history":[{"count":41,"href":"https:\/\/coworkerand.com\/es\/wp-json\/wp\/v2\/pages\/1300\/revisions"}],"predecessor-version":[{"id":1380,"href":"https:\/\/coworkerand.com\/es\/wp-json\/wp\/v2\/pages\/1300\/revisions\/1380"}],"wp:attachment":[{"href":"https:\/\/coworkerand.com\/es\/wp-json\/wp\/v2\/media?parent=1300"}],"curies":[{"name":"wp","href":"https:\/\/api.w.org\/{rel}","templated":true}]}}