{"id":1317,"date":"2021-01-21T18:57:54","date_gmt":"2021-01-21T18:57:54","guid":{"rendered":"https:\/\/coworkerand.com\/?page_id=1317"},"modified":"2021-03-02T16:56:04","modified_gmt":"2021-03-02T16:56:04","slug":"text-legal","status":"publish","type":"page","link":"https:\/\/coworkerand.com\/es\/text-legal\/","title":{"rendered":"Texto legal"},"content":{"rendered":"\t\t<div data-elementor-type=\"wp-page\" data-elementor-id=\"1317\" class=\"elementor elementor-1317\">\n\t\t\t\t\t\t<section class=\"elementor-section elementor-top-section elementor-element elementor-element-28df5a0 elementor-section-boxed elementor-section-height-default elementor-section-height-default\" data-id=\"28df5a0\" data-element_type=\"section\" data-e-type=\"section\" data-settings=\"{&quot;background_background&quot;:&quot;slideshow&quot;,&quot;background_slideshow_gallery&quot;:[{&quot;id&quot;:1204,&quot;url&quot;:&quot;https:\\\/\\\/coworkerand.com\\\/wp-content\\\/uploads\\\/2021\\\/01\\\/fons-1.jpg&quot;},{&quot;id&quot;:1205,&quot;url&quot;:&quot;https:\\\/\\\/coworkerand.com\\\/wp-content\\\/uploads\\\/2021\\\/01\\\/fons-2.jpg&quot;},{&quot;id&quot;:1209,&quot;url&quot;:&quot;https:\\\/\\\/coworkerand.com\\\/wp-content\\\/uploads\\\/2021\\\/01\\\/fons-3.jpg&quot;}],&quot;background_slideshow_slide_transition&quot;:&quot;slide_left&quot;,&quot;background_slideshow_loop&quot;:&quot;yes&quot;,&quot;background_slideshow_slide_duration&quot;:5000,&quot;background_slideshow_transition_duration&quot;:500}\">\n\t\t\t\t\t\t\t<div class=\"elementor-background-overlay\"><\/div>\n\t\t\t\t\t\t\t<div class=\"elementor-container elementor-column-gap-no\">\n\t\t\t\t\t<div class=\"elementor-column elementor-col-100 elementor-top-column elementor-element elementor-element-db24748\" data-id=\"db24748\" data-element_type=\"column\" data-e-type=\"column\">\n\t\t\t<div class=\"elementor-widget-wrap elementor-element-populated\">\n\t\t\t\t\t\t<div class=\"elementor-element elementor-element-d65bbe4 elementor-invisible elementor-widget elementor-widget-heading\" data-id=\"d65bbe4\" data-element_type=\"widget\" data-e-type=\"widget\" data-settings=\"{&quot;_animation&quot;:&quot;fadeIn&quot;,&quot;_animation_delay&quot;:&quot;200&quot;}\" data-widget_type=\"heading.default\">\n\t\t\t\t<div class=\"elementor-widget-container\">\n\t\t\t\t\t<h1 class=\"elementor-heading-title elementor-size-default\">Text legal<\/h1>\t\t\t\t<\/div>\n\t\t\t\t<\/div>\n\t\t\t\t\t<\/div>\n\t\t<\/div>\n\t\t\t\t\t<\/div>\n\t\t<\/section>\n\t\t\t\t<section class=\"elementor-section elementor-top-section elementor-element elementor-element-5851200 elementor-section-content-middle elementor-section-boxed elementor-section-height-default elementor-section-height-default\" data-id=\"5851200\" data-element_type=\"section\" data-e-type=\"section\" data-settings=\"{&quot;background_background&quot;:&quot;classic&quot;}\">\n\t\t\t\t\t\t<div class=\"elementor-container elementor-column-gap-no\">\n\t\t\t\t\t<div class=\"elementor-column elementor-col-100 elementor-top-column elementor-element elementor-element-0fe39c9\" data-id=\"0fe39c9\" data-element_type=\"column\" data-e-type=\"column\">\n\t\t\t<div class=\"elementor-widget-wrap elementor-element-populated\">\n\t\t\t\t\t\t<div class=\"elementor-element elementor-element-e60ef35 elementor-widget elementor-widget-text-editor\" data-id=\"e60ef35\" data-element_type=\"widget\" data-e-type=\"widget\" data-widget_type=\"text-editor.default\">\n\t\t\t\t<div class=\"elementor-widget-container\">\n\t\t\t\t\t\t\t\t\t<p>Aquest website \u00e9s propietat exclusiva de GHIA i est\u00e0 protegit, juntament amb els seus continguts, quant a creacions intel\u00b7lectuals, per les lleis i tractats internacionals sobre drets d&#8217;autor.<br \/>Tots els drets estan reservats. Tot acc\u00e9s a aquest lloc web, est\u00e0 subjecte a les seg\u00fcents condicions:<br \/>El contingut, presentaci\u00f3, organitzaci\u00f3, compilaci\u00f3, adaptaci\u00f3 i conversi\u00f3 digital, traducci\u00f3, execuci\u00f3, i qualsevol altre element relacionat amb aquest web, constitueix una creaci\u00f3 protegida per la legislaci\u00f3 aplicable sobre propietat intel\u00b7lectual, industrial i altres drets. Cap d&#8217;aquests continguts, incloent els textos, imatges, so i qualsevol altre material, ni la totalitat del website, no podran ser total o parcialment reprodu\u00efts, distribu\u00efts, comunicats p\u00fablicament, transmesos, emmagatzemats, o modificats de cap manera sense la pr\u00e8via autoritzaci\u00f3 per escrit de GHIA o dels titulars d&#8217;aquests continguts.<br \/>Aix\u00f2 no obstant, els usuaris podran visualitzar en pantalla, descarregar i emmagatzemar la informaci\u00f3 continguda en el website, i reproduir-la amb fins \u00fanicament privats, excloent d&#8217;aquesta autoritzaci\u00f3 tot \u00fas comercial que se&#8217;ls pugui donar a aquesta.<br \/>La informaci\u00f3 administrativa facilitada a trav\u00e9s d&#8217;aquest web no substitueix la publicitat legal de les lleis, de les disposicions generals, i dels actes que han de ser publicats formalment en la legislaci\u00f3 andorrana, sense perjudici de l&#8217;eventual aplicaci\u00f3 de l&#8217;RGPD, i en altres diaris oficials, l&#8217;edici\u00f3 impresa o digital dels quals \u00e9s l&#8217;\u00fanic instrument que d\u00f3na fe de l&#8217;autenticitat i contingut.<br \/>GHIA no \u00e9s responsable de la informaci\u00f3 que es pot obtenir a trav\u00e9s d&#8217;enlla\u00e7os a sistemes externs que no siguin dependents d&#8217;aquesta administraci\u00f3.<br \/>GHIA no garanteix que el web i el servidor estiguin lliures de virus, i no es fa responsable dels danys causats per l&#8217;acc\u00e9s al web o per la impossibilitat d&#8217;accedir a aquesta.<br \/>\u00a9 2021 GHIA.<br \/>Tots els drets reservats. GHIA, C.I.F. L-713.684-F Inscrita en el Registre Mercantil d&#8217;Andorra, n\u00famero de registre de la societat 1850, Llibre S-291, Foli 301-310.<\/p>\t\t\t\t\t\t\t\t<\/div>\n\t\t\t\t<\/div>\n\t\t\t\t\t<\/div>\n\t\t<\/div>\n\t\t\t\t\t<\/div>\n\t\t<\/section>\n\t\t\t\t<\/div>\n\t\t","protected":false},"excerpt":{"rendered":"<p>Text legal Aquest website \u00e9s propietat exclusiva de GHIA i est\u00e0 protegit, juntament amb els seus continguts, quant a creacions intel\u00b7lectuals, per les lleis i tractats internacionals sobre drets d&#8217;autor.Tots els drets estan reservats. Tot acc\u00e9s a aquest lloc web, est\u00e0 subjecte a les seg\u00fcents condicions:El contingut, presentaci\u00f3, organitzaci\u00f3, compilaci\u00f3, adaptaci\u00f3 i conversi\u00f3 digital, traducci\u00f3, [&hellip;]<\/p>\n","protected":false},"author":1,"featured_media":0,"parent":0,"menu_order":0,"comment_status":"closed","ping_status":"closed","template":"","meta":{"site-sidebar-layout":"no-sidebar","site-content-layout":"page-builder","ast-site-content-layout":"default","site-content-style":"default","site-sidebar-style":"default","ast-global-header-display":"","ast-banner-title-visibility":"","ast-main-header-display":"","ast-hfb-above-header-display":"","ast-hfb-below-header-display":"","ast-hfb-mobile-header-display":"","site-post-title":"disabled","ast-breadcrumbs-content":"","ast-featured-img":"disabled","footer-sml-layout":"","ast-disable-related-posts":"","theme-transparent-header-meta":"enabled","adv-header-id-meta":"","stick-header-meta":"","header-above-stick-meta":"","header-main-stick-meta":"","header-below-stick-meta":"","astra-migrate-meta-layouts":"default","ast-page-background-enabled":"default","ast-page-background-meta":{"desktop":{"background-color":"","background-image":"","background-repeat":"repeat","background-position":"center center","background-size":"auto","background-attachment":"scroll","background-type":"","background-media":"","overlay-type":"","overlay-color":"","overlay-opacity":"","overlay-gradient":""},"tablet":{"background-color":"","background-image":"","background-repeat":"repeat","background-position":"center center","background-size":"auto","background-attachment":"scroll","background-type":"","background-media":"","overlay-type":"","overlay-color":"","overlay-opacity":"","overlay-gradient":""},"mobile":{"background-color":"","background-image":"","background-repeat":"repeat","background-position":"center center","background-size":"auto","background-attachment":"scroll","background-type":"","background-media":"","overlay-type":"","overlay-color":"","overlay-opacity":"","overlay-gradient":""}},"ast-content-background-meta":{"desktop":{"background-color":"var(--ast-global-color-5)","background-image":"","background-repeat":"repeat","background-position":"center center","background-size":"auto","background-attachment":"scroll","background-type":"","background-media":"","overlay-type":"","overlay-color":"","overlay-opacity":"","overlay-gradient":""},"tablet":{"background-color":"var(--ast-global-color-5)","background-image":"","background-repeat":"repeat","background-position":"center center","background-size":"auto","background-attachment":"scroll","background-type":"","background-media":"","overlay-type":"","overlay-color":"","overlay-opacity":"","overlay-gradient":""},"mobile":{"background-color":"var(--ast-global-color-5)","background-image":"","background-repeat":"repeat","background-position":"center center","background-size":"auto","background-attachment":"scroll","background-type":"","background-media":"","overlay-type":"","overlay-color":"","overlay-opacity":"","overlay-gradient":""}},"footnotes":""},"class_list":["post-1317","page","type-page","status-publish","hentry"],"_links":{"self":[{"href":"https:\/\/coworkerand.com\/es\/wp-json\/wp\/v2\/pages\/1317","targetHints":{"allow":["GET"]}}],"collection":[{"href":"https:\/\/coworkerand.com\/es\/wp-json\/wp\/v2\/pages"}],"about":[{"href":"https:\/\/coworkerand.com\/es\/wp-json\/wp\/v2\/types\/page"}],"author":[{"embeddable":true,"href":"https:\/\/coworkerand.com\/es\/wp-json\/wp\/v2\/users\/1"}],"replies":[{"embeddable":true,"href":"https:\/\/coworkerand.com\/es\/wp-json\/wp\/v2\/comments?post=1317"}],"version-history":[{"count":13,"href":"https:\/\/coworkerand.com\/es\/wp-json\/wp\/v2\/pages\/1317\/revisions"}],"predecessor-version":[{"id":1383,"href":"https:\/\/coworkerand.com\/es\/wp-json\/wp\/v2\/pages\/1317\/revisions\/1383"}],"wp:attachment":[{"href":"https:\/\/coworkerand.com\/es\/wp-json\/wp\/v2\/media?parent=1317"}],"curies":[{"name":"wp","href":"https:\/\/api.w.org\/{rel}","templated":true}]}}